{"id":10,"date":"2018-10-24T08:45:39","date_gmt":"2018-10-24T08:45:39","guid":{"rendered":"http:\/\/jjfconsultores.com\/?page_id=10"},"modified":"2025-04-23T08:09:36","modified_gmt":"2025-04-23T07:09:36","slug":"contacto","status":"publish","type":"page","link":"https:\/\/jjfconsultores.com\/index.php\/contacto\/","title":{"rendered":"Contacto"},"content":{"rendered":"<p>CONTACTO<\/p>\n\n\n<p><strong>Email: <\/strong>jjfconsultores@jjfconsultores.com<\/p>\n\n\n\n<p><strong>Tel\u00e9fono: <\/strong>957 47 46 27<\/p>\n\n\n\n<p><strong>Encu\u00e9ntranos en:<\/strong><\/p>\n\n\n\n<p>Plaza de Col\u00f3n 19, bajo<br>14001 C\u00f3rdoba (C\u00f3rdoba)<\/p>\n\n\n\n<center><iframe src=\"https:\/\/www.google.com\/maps\/embed?pb=!1m18!1m12!1m3!1d6617.1391506083655!2d-4.7789889!3d37.891262!2m3!1f0!2f0!3f0!3m2!1i1024!2i768!4f13.1!3m3!1m2!1s0xd6cdf7ab84a629d%3A0x95575bd734feeca0!2sJJF%20consultores%20y%20abogados!5e1!3m2!1ses!2ses!4v1742201914708!5m2!1ses!2ses\" width=\"600\" height=\"450\" style=\"border:0;\" allowfullscreen=\"\" loading=\"lazy\" referrerpolicy=\"no-referrer-when-downgrade\"><\/iframe><\/center>\n\n\n\n<p>Calle \u00c1mbar 7<br>29007 Churriana (M\u00e1laga)<\/p>\n\n\n\n<center><iframe src=\"https:\/\/www.google.com\/maps\/embed?pb=!1m18!1m12!1m3!1d3200.368485815716!2d-4.46738592449991!3d36.66564037527373!2m3!1f0!2f0!3f0!3m2!1i1024!2i768!4f13.1!3m3!1m2!1s0xd72f99a0487c871%3A0x5e2addaf22deb38d!2zQy4gw4FtYmFyLCA3LCBDaHVycmlhbmEsIDI5MDA0IE3DoWxhZ2E!5e0!3m2!1ses!2ses!4v1745392155630!5m2!1ses!2ses\" width=\"600\" height=\"450\" style=\"border:0;\" allowfullscreen=\"\" loading=\"lazy\" referrerpolicy=\"no-referrer-when-downgrade\"><\/iframe><\/center>\n","protected":false},"excerpt":{"rendered":"<p>CONTACTO Email: jjfconsultores@jjfconsultores.com Tel\u00e9fono: 957 47 46 27 Encu\u00e9ntranos en: Plaza de Col\u00f3n 19, bajo14001 C\u00f3rdoba (C\u00f3rdoba) Calle \u00c1mbar 729007 Churriana (M\u00e1laga)<\/p>\n","protected":false},"author":1,"featured_media":0,"parent":0,"menu_order":0,"comment_status":"closed","ping_status":"closed","template":"","meta":{"_mbp_gutenberg_autopost":false,"_joinchat":[],"footnotes":""},"class_list":["post-10","page","type-page","status-publish","hentry"],"yoast_head":"<!-- This site is optimized with the Yoast SEO plugin v24.6 - https:\/\/yoast.com\/wordpress\/plugins\/seo\/ -->\n<title>Contacto - JJF consultores y abogados en C\u00f3rdoba y M\u00e1laga<\/title>\n<meta name=\"robots\" content=\"index, follow, max-snippet:-1, max-image-preview:large, max-video-preview:-1\" \/>\n<link rel=\"canonical\" href=\"https:\/\/jjfconsultores.com\/index.php\/contacto\/\" \/>\n<meta property=\"og:locale\" content=\"es_ES\" \/>\n<meta property=\"og:type\" content=\"article\" \/>\n<meta property=\"og:title\" content=\"Contacto - JJF consultores y abogados en C\u00f3rdoba y M\u00e1laga\" \/>\n<meta property=\"og:description\" content=\"CONTACTO Email: jjfconsultores@jjfconsultores.com Tel\u00e9fono: 957 47 46 27 Encu\u00e9ntranos en: Plaza de Col\u00f3n 19, bajo14001 C\u00f3rdoba (C\u00f3rdoba) Calle \u00c1mbar 729007 Churriana (M\u00e1laga)\" \/>\n<meta property=\"og:url\" content=\"https:\/\/jjfconsultores.com\/index.php\/contacto\/\" \/>\n<meta property=\"og:site_name\" content=\"JJF consultores y abogados en C\u00f3rdoba y M\u00e1laga\" \/>\n<meta property=\"article:publisher\" content=\"https:\/\/www.facebook.com\/JJFconsultoresyabogados\" \/>\n<meta property=\"article:modified_time\" content=\"2025-04-23T07:09:36+00:00\" \/>\n<meta property=\"og:image\" content=\"https:\/\/jjfconsultores.com\/wp-content\/uploads\/2020\/01\/principal-de-facebook.png\" \/>\n\t<meta property=\"og:image:width\" content=\"1200\" \/>\n\t<meta property=\"og:image:height\" content=\"628\" \/>\n\t<meta property=\"og:image:type\" content=\"image\/png\" \/>\n<meta name=\"twitter:card\" content=\"summary_large_image\" \/>\n<meta name=\"twitter:site\" content=\"@jesusprieto\" \/>\n<meta name=\"twitter:label1\" content=\"Tiempo de lectura\" \/>\n\t<meta name=\"twitter:data1\" content=\"1 minuto\" \/>\n<script type=\"application\/ld+json\" class=\"yoast-schema-graph\">{\"@context\":\"https:\/\/schema.org\",\"@graph\":[{\"@type\":\"WebPage\",\"@id\":\"https:\/\/jjfconsultores.com\/index.php\/contacto\/\",\"url\":\"https:\/\/jjfconsultores.com\/index.php\/contacto\/\",\"name\":\"Contacto - JJF consultores y abogados en C\u00f3rdoba y M\u00e1laga\",\"isPartOf\":{\"@id\":\"https:\/\/jjfconsultores.com\/#website\"},\"datePublished\":\"2018-10-24T08:45:39+00:00\",\"dateModified\":\"2025-04-23T07:09:36+00:00\",\"breadcrumb\":{\"@id\":\"https:\/\/jjfconsultores.com\/index.php\/contacto\/#breadcrumb\"},\"inLanguage\":\"es\",\"potentialAction\":[{\"@type\":\"ReadAction\",\"target\":[\"https:\/\/jjfconsultores.com\/index.php\/contacto\/\"]}]},{\"@type\":\"BreadcrumbList\",\"@id\":\"https:\/\/jjfconsultores.com\/index.php\/contacto\/#breadcrumb\",\"itemListElement\":[{\"@type\":\"ListItem\",\"position\":1,\"name\":\"Portada\",\"item\":\"https:\/\/jjfconsultores.com\/\"},{\"@type\":\"ListItem\",\"position\":2,\"name\":\"Contacto\"}]},{\"@type\":\"WebSite\",\"@id\":\"https:\/\/jjfconsultores.com\/#website\",\"url\":\"https:\/\/jjfconsultores.com\/\",\"name\":\"JJF consultores y abogados\",\"description\":\"Asesor\u00eda fiscal, laboral, contable y jur\u00eddica en C\u00f3rdoba y M\u00e1laga\",\"publisher\":{\"@id\":\"https:\/\/jjfconsultores.com\/#organization\"},\"potentialAction\":[{\"@type\":\"SearchAction\",\"target\":{\"@type\":\"EntryPoint\",\"urlTemplate\":\"https:\/\/jjfconsultores.com\/?s={search_term_string}\"},\"query-input\":{\"@type\":\"PropertyValueSpecification\",\"valueRequired\":true,\"valueName\":\"search_term_string\"}}],\"inLanguage\":\"es\"},{\"@type\":\"Organization\",\"@id\":\"https:\/\/jjfconsultores.com\/#organization\",\"name\":\"JJF consultores y abogados\",\"url\":\"https:\/\/jjfconsultores.com\/\",\"logo\":{\"@type\":\"ImageObject\",\"inLanguage\":\"es\",\"@id\":\"https:\/\/jjfconsultores.com\/#\/schema\/logo\/image\/\",\"url\":\"https:\/\/jjfconsultores.com\/wp-content\/uploads\/2020\/01\/jjf-consultores-abogados-1.png\",\"contentUrl\":\"https:\/\/jjfconsultores.com\/wp-content\/uploads\/2020\/01\/jjf-consultores-abogados-1.png\",\"width\":500,\"height\":500,\"caption\":\"JJF consultores y abogados\"},\"image\":{\"@id\":\"https:\/\/jjfconsultores.com\/#\/schema\/logo\/image\/\"},\"sameAs\":[\"https:\/\/www.facebook.com\/JJFconsultoresyabogados\",\"https:\/\/x.com\/jesusprieto\",\"https:\/\/www.instagram.com\/JJF_consultores_abogados\/\",\"https:\/\/www.linkedin.com\/company\/jjf-soluciones-de-empresa\"]}]}<\/script>\n<!-- \/ Yoast SEO plugin. -->","yoast_head_json":{"title":"Contacto - JJF consultores y abogados en C\u00f3rdoba y M\u00e1laga","robots":{"index":"index","follow":"follow","max-snippet":"max-snippet:-1","max-image-preview":"max-image-preview:large","max-video-preview":"max-video-preview:-1"},"canonical":"https:\/\/jjfconsultores.com\/index.php\/contacto\/","og_locale":"es_ES","og_type":"article","og_title":"Contacto - JJF consultores y abogados en C\u00f3rdoba y M\u00e1laga","og_description":"CONTACTO Email: jjfconsultores@jjfconsultores.com Tel\u00e9fono: 957 47 46 27 Encu\u00e9ntranos en: Plaza de Col\u00f3n 19, bajo14001 C\u00f3rdoba (C\u00f3rdoba) Calle \u00c1mbar 729007 Churriana (M\u00e1laga)","og_url":"https:\/\/jjfconsultores.com\/index.php\/contacto\/","og_site_name":"JJF consultores y abogados en C\u00f3rdoba y M\u00e1laga","article_publisher":"https:\/\/www.facebook.com\/JJFconsultoresyabogados","article_modified_time":"2025-04-23T07:09:36+00:00","og_image":[{"width":1200,"height":628,"url":"https:\/\/jjfconsultores.com\/wp-content\/uploads\/2020\/01\/principal-de-facebook.png","type":"image\/png"}],"twitter_card":"summary_large_image","twitter_site":"@jesusprieto","twitter_misc":{"Tiempo de lectura":"1 minuto"},"schema":{"@context":"https:\/\/schema.org","@graph":[{"@type":"WebPage","@id":"https:\/\/jjfconsultores.com\/index.php\/contacto\/","url":"https:\/\/jjfconsultores.com\/index.php\/contacto\/","name":"Contacto - JJF consultores y abogados en C\u00f3rdoba y M\u00e1laga","isPartOf":{"@id":"https:\/\/jjfconsultores.com\/#website"},"datePublished":"2018-10-24T08:45:39+00:00","dateModified":"2025-04-23T07:09:36+00:00","breadcrumb":{"@id":"https:\/\/jjfconsultores.com\/index.php\/contacto\/#breadcrumb"},"inLanguage":"es","potentialAction":[{"@type":"ReadAction","target":["https:\/\/jjfconsultores.com\/index.php\/contacto\/"]}]},{"@type":"BreadcrumbList","@id":"https:\/\/jjfconsultores.com\/index.php\/contacto\/#breadcrumb","itemListElement":[{"@type":"ListItem","position":1,"name":"Portada","item":"https:\/\/jjfconsultores.com\/"},{"@type":"ListItem","position":2,"name":"Contacto"}]},{"@type":"WebSite","@id":"https:\/\/jjfconsultores.com\/#website","url":"https:\/\/jjfconsultores.com\/","name":"JJF consultores y abogados","description":"Asesor\u00eda fiscal, laboral, contable y jur\u00eddica en C\u00f3rdoba y M\u00e1laga","publisher":{"@id":"https:\/\/jjfconsultores.com\/#organization"},"potentialAction":[{"@type":"SearchAction","target":{"@type":"EntryPoint","urlTemplate":"https:\/\/jjfconsultores.com\/?s={search_term_string}"},"query-input":{"@type":"PropertyValueSpecification","valueRequired":true,"valueName":"search_term_string"}}],"inLanguage":"es"},{"@type":"Organization","@id":"https:\/\/jjfconsultores.com\/#organization","name":"JJF consultores y abogados","url":"https:\/\/jjfconsultores.com\/","logo":{"@type":"ImageObject","inLanguage":"es","@id":"https:\/\/jjfconsultores.com\/#\/schema\/logo\/image\/","url":"https:\/\/jjfconsultores.com\/wp-content\/uploads\/2020\/01\/jjf-consultores-abogados-1.png","contentUrl":"https:\/\/jjfconsultores.com\/wp-content\/uploads\/2020\/01\/jjf-consultores-abogados-1.png","width":500,"height":500,"caption":"JJF consultores y abogados"},"image":{"@id":"https:\/\/jjfconsultores.com\/#\/schema\/logo\/image\/"},"sameAs":["https:\/\/www.facebook.com\/JJFconsultoresyabogados","https:\/\/x.com\/jesusprieto","https:\/\/www.instagram.com\/JJF_consultores_abogados\/","https:\/\/www.linkedin.com\/company\/jjf-soluciones-de-empresa"]}]}},"_links":{"self":[{"href":"https:\/\/jjfconsultores.com\/index.php\/wp-json\/wp\/v2\/pages\/10","targetHints":{"allow":["GET"]}}],"collection":[{"href":"https:\/\/jjfconsultores.com\/index.php\/wp-json\/wp\/v2\/pages"}],"about":[{"href":"https:\/\/jjfconsultores.com\/index.php\/wp-json\/wp\/v2\/types\/page"}],"author":[{"embeddable":true,"href":"https:\/\/jjfconsultores.com\/index.php\/wp-json\/wp\/v2\/users\/1"}],"replies":[{"embeddable":true,"href":"https:\/\/jjfconsultores.com\/index.php\/wp-json\/wp\/v2\/comments?post=10"}],"version-history":[{"count":12,"href":"https:\/\/jjfconsultores.com\/index.php\/wp-json\/wp\/v2\/pages\/10\/revisions"}],"predecessor-version":[{"id":1856,"href":"https:\/\/jjfconsultores.com\/index.php\/wp-json\/wp\/v2\/pages\/10\/revisions\/1856"}],"wp:attachment":[{"href":"https:\/\/jjfconsultores.com\/index.php\/wp-json\/wp\/v2\/media?parent=10"}],"curies":[{"name":"wp","href":"https:\/\/api.w.org\/{rel}","templated":true}]}}