{"id":1915,"date":"2025-08-05T12:06:22","date_gmt":"2025-08-05T11:06:22","guid":{"rendered":"https:\/\/jjfconsultores.com\/?page_id=1915"},"modified":"2025-08-05T12:38:17","modified_gmt":"2025-08-05T11:38:17","slug":"jesus-prieto-abogado-en-cordoba-y-malaga","status":"publish","type":"page","link":"https:\/\/jjfconsultores.com\/index.php\/jesus-prieto-abogado-en-cordoba-y-malaga\/","title":{"rendered":"Jes\u00fas Prieto \u2013 Abogado en C\u00f3rdoba y M\u00e1laga"},"content":{"rendered":"<div class=\"wp-block-image is-style-default\">\n<figure class=\"alignright size-large is-resized\"><img decoding=\"async\" width=\"683\" height=\"1024\" src=\"https:\/\/jjfconsultores.com\/wp-content\/uploads\/2022\/02\/JJF-Consultores_Retratos_034-683x1024.jpg\" alt=\"Jes\u00fas Prieto, abogado especializado en laboral, fiscal e inmobiliario en C\u00f3rdoba y M\u00e1laga\" class=\"wp-image-452\" style=\"width:310px\" srcset=\"https:\/\/jjfconsultores.com\/wp-content\/uploads\/2022\/02\/JJF-Consultores_Retratos_034-683x1024.jpg 683w, https:\/\/jjfconsultores.com\/wp-content\/uploads\/2022\/02\/JJF-Consultores_Retratos_034-200x300.jpg 200w, https:\/\/jjfconsultores.com\/wp-content\/uploads\/2022\/02\/JJF-Consultores_Retratos_034-768x1152.jpg 768w, https:\/\/jjfconsultores.com\/wp-content\/uploads\/2022\/02\/JJF-Consultores_Retratos_034-1024x1536.jpg 1024w, https:\/\/jjfconsultores.com\/wp-content\/uploads\/2022\/02\/JJF-Consultores_Retratos_034-1365x2048.jpg 1365w, https:\/\/jjfconsultores.com\/wp-content\/uploads\/2022\/02\/JJF-Consultores_Retratos_034-600x900.jpg 600w, https:\/\/jjfconsultores.com\/wp-content\/uploads\/2022\/02\/JJF-Consultores_Retratos_034-scaled.jpg 1706w\" sizes=\"(max-width: 683px) 100vw, 683px\" \/><figcaption class=\"wp-element-caption\">Jes\u00fas Prieto es abogado especializado en derecho laboral, fiscal e inmobiliario<\/figcaption><\/figure>\n<\/div>\n\n\n<p>Asesoro a particulares y empresas en materias clave como el <strong>derecho laboral, fiscal<\/strong> y todo lo relacionado con el \u00e1mbito <strong>inmobiliario<\/strong>: compraventas, arrendamientos, propiedad horizontal o conflictos entre propietarios.<\/p>\n\n\n\n<p>Adem\u00e1s de ejercer como abogado en JJF desde 2022, <strong><a href=\"https:\/\/www.idealista.com\/news\/quienes-somos\/jesus-prieto\">colaboro de forma habitual con Idealista<\/a><\/strong>, donde analizo novedades legales, sentencias relevantes y tendencias del mercado que afectan tanto a particulares como a profesionales del sector.<\/p>\n\n\n\n<p>Esta labor divulgativa tambi\u00e9n la desarrollo a trav\u00e9s del <strong><a href=\"https:\/\/jjfconsultores.com\/index.php\/blog\/\">blog de nuestro despacho<\/a><\/strong> y he aparecido en medios como <a href=\"https:\/\/www.lavanguardia.com\/dinero\/20250801\/10921065\/jesus-prieto-abogado-hay-escritura-publica-notario-donacion-vivienda-valida-pvlv.html\">La Vanguardia<\/a>, <a href=\"https:\/\/www.rac1.cat\/economia\/20250804\/278926\/jesus-prieto-advocat-escriptura-publica-notari-donacio-habitatge-valida-lv.html?utm_medium=Social&amp;utm_source=Twitter#Echobox=1754306965\">RAC1<\/a>, <a href=\"https:\/\/www.lasprovincias.es\/sociedad\/mundo-viral\/escritura-publica-ante-notario-donacion-vivienda-valida-20250804170723-nt.html\">Las Provincias<\/a> o <a href=\"https:\/\/www.infobae.com\/espana\/2025\/08\/04\/la-donacion-de-una-vivienda-tiene-validez-legal-si-no-se-formaliza-ante-notario-esto-es-lo-que-dice-la-ley\/\">Infobae<\/a>.<\/p>\n\n\n\n<p>Mi estilo se basa en <strong>acercar el derecho a las personas<\/strong>: sin tecnicismos innecesarios y con la claridad que exige quien necesita respuestas \u00fatiles y bien fundamentadas.<\/p>\n\n\n\n<p>En 2023 recib\u00ed el acc\u00e9sit en el VI edici\u00f3n del<strong> <a href=\"https:\/\/web.icacordoba.23sd.es\/Noticias\/1210-fallo-del-iv-premio-de-articulos-juridicos-sobre-menores-pilar-bermal\">Premio de Art\u00edculos Jur\u00eddicos sobre Menores Pilar Bermal<\/a> <\/strong>del Colegio de la Abogac\u00eda de C\u00f3rdoba, un reconocimiento que valoro especialmente por su enfoque en la divulgaci\u00f3n jur\u00eddica sobre temas sociales tan relevantes.<\/p>\n\n\n\n<p>Gracias a mi labor de an\u00e1lisis y redacci\u00f3n legal, mantengo un enfoque profesional en constante actualizaci\u00f3n, porque estar al d\u00eda no es solo una obligaci\u00f3n, sino una parte esencial de c\u00f3mo concibo y ejerzo la abogac\u00eda.<\/p>\n\n\n\n<p>Estar\u00e9 encantado de resolver tus dudas legales y ayudarte con un asesoramiento claro y riguroso. <strong><a href=\"https:\/\/web.whatsapp.com\/send?phone=34622656931&amp;text=%C2%A1Hola%20Jes%C3%BAs!%20Tengo%20una%20consulta\">Puedes escribirme por WhatsApp<\/a><\/strong>, enviarme un <strong><a href=\"mailto:info@jjfconsultores.com\">correo electr\u00f3nico<\/a><\/strong> o llamar al <strong>957 47 46 27<\/strong>.<\/p>\n","protected":false},"excerpt":{"rendered":"<p>Asesoro a particulares y empresas en materias clave como el derecho laboral, fiscal y todo lo relacionado con el \u00e1mbito inmobiliario: compraventas, arrendamientos, propiedad horizontal o conflictos entre propietarios. Adem\u00e1s de ejercer como abogado en JJF desde 2022, colaboro de forma habitual con Idealista, donde analizo novedades legales, sentencias relevantes &hellip; <\/p>\n","protected":false},"author":2,"featured_media":0,"parent":0,"menu_order":0,"comment_status":"closed","ping_status":"closed","template":"","meta":{"_mbp_gutenberg_autopost":false,"_joinchat":[],"footnotes":""},"class_list":["post-1915","page","type-page","status-publish","hentry"],"yoast_head":"<!-- This site is optimized with the Yoast SEO plugin v24.6 - https:\/\/yoast.com\/wordpress\/plugins\/seo\/ -->\n<title>Jes\u00fas Prieto \u2013 Abogado en C\u00f3rdoba y M\u00e1laga - JJF consultores y abogados en C\u00f3rdoba y M\u00e1laga<\/title>\n<meta name=\"robots\" content=\"index, follow, max-snippet:-1, max-image-preview:large, max-video-preview:-1\" \/>\n<link rel=\"canonical\" href=\"https:\/\/jjfconsultores.com\/index.php\/jesus-prieto-abogado-en-cordoba-y-malaga\/\" \/>\n<meta property=\"og:locale\" content=\"es_ES\" \/>\n<meta property=\"og:type\" content=\"article\" \/>\n<meta property=\"og:title\" content=\"Jes\u00fas Prieto \u2013 Abogado en C\u00f3rdoba y M\u00e1laga - JJF consultores y abogados en C\u00f3rdoba y M\u00e1laga\" \/>\n<meta property=\"og:description\" content=\"Asesoro a particulares y empresas en materias clave como el derecho laboral, fiscal y todo lo relacionado con el \u00e1mbito inmobiliario: compraventas, arrendamientos, propiedad horizontal o conflictos entre propietarios. Adem\u00e1s de ejercer como abogado en JJF desde 2022, colaboro de forma habitual con Idealista, donde analizo novedades legales, sentencias relevantes &hellip;\" \/>\n<meta property=\"og:url\" content=\"https:\/\/jjfconsultores.com\/index.php\/jesus-prieto-abogado-en-cordoba-y-malaga\/\" \/>\n<meta property=\"og:site_name\" content=\"JJF consultores y abogados en C\u00f3rdoba y M\u00e1laga\" \/>\n<meta property=\"article:publisher\" content=\"https:\/\/www.facebook.com\/JJFconsultoresyabogados\" \/>\n<meta property=\"article:modified_time\" content=\"2025-08-05T11:38:17+00:00\" \/>\n<meta property=\"og:image\" content=\"https:\/\/jjfconsultores.com\/wp-content\/uploads\/2022\/02\/JJF-Consultores_Retratos_034-scaled.jpg\" \/>\n\t<meta property=\"og:image:width\" content=\"1706\" \/>\n\t<meta property=\"og:image:height\" content=\"2560\" \/>\n\t<meta property=\"og:image:type\" content=\"image\/jpeg\" \/>\n<meta name=\"twitter:card\" content=\"summary_large_image\" \/>\n<meta name=\"twitter:site\" content=\"@jesusprieto\" \/>\n<meta name=\"twitter:label1\" content=\"Tiempo de lectura\" \/>\n\t<meta name=\"twitter:data1\" content=\"2 minutos\" \/>\n<script type=\"application\/ld+json\" class=\"yoast-schema-graph\">{\"@context\":\"https:\/\/schema.org\",\"@graph\":[{\"@type\":\"WebPage\",\"@id\":\"https:\/\/jjfconsultores.com\/index.php\/jesus-prieto-abogado-en-cordoba-y-malaga\/\",\"url\":\"https:\/\/jjfconsultores.com\/index.php\/jesus-prieto-abogado-en-cordoba-y-malaga\/\",\"name\":\"Jes\u00fas Prieto \u2013 Abogado en C\u00f3rdoba y M\u00e1laga - JJF consultores y abogados en C\u00f3rdoba y M\u00e1laga\",\"isPartOf\":{\"@id\":\"https:\/\/jjfconsultores.com\/#website\"},\"primaryImageOfPage\":{\"@id\":\"https:\/\/jjfconsultores.com\/index.php\/jesus-prieto-abogado-en-cordoba-y-malaga\/#primaryimage\"},\"image\":{\"@id\":\"https:\/\/jjfconsultores.com\/index.php\/jesus-prieto-abogado-en-cordoba-y-malaga\/#primaryimage\"},\"thumbnailUrl\":\"https:\/\/jjfconsultores.com\/wp-content\/uploads\/2022\/02\/JJF-Consultores_Retratos_034-683x1024.jpg\",\"datePublished\":\"2025-08-05T11:06:22+00:00\",\"dateModified\":\"2025-08-05T11:38:17+00:00\",\"breadcrumb\":{\"@id\":\"https:\/\/jjfconsultores.com\/index.php\/jesus-prieto-abogado-en-cordoba-y-malaga\/#breadcrumb\"},\"inLanguage\":\"es\",\"potentialAction\":[{\"@type\":\"ReadAction\",\"target\":[\"https:\/\/jjfconsultores.com\/index.php\/jesus-prieto-abogado-en-cordoba-y-malaga\/\"]}]},{\"@type\":\"ImageObject\",\"inLanguage\":\"es\",\"@id\":\"https:\/\/jjfconsultores.com\/index.php\/jesus-prieto-abogado-en-cordoba-y-malaga\/#primaryimage\",\"url\":\"https:\/\/jjfconsultores.com\/wp-content\/uploads\/2022\/02\/JJF-Consultores_Retratos_034-scaled.jpg\",\"contentUrl\":\"https:\/\/jjfconsultores.com\/wp-content\/uploads\/2022\/02\/JJF-Consultores_Retratos_034-scaled.jpg\",\"width\":1706,\"height\":2560,\"caption\":\"Jes\u00fas Prieto, abogado especializado en Derecho Laboral, Fiscal e Inmobiliario en C\u00f3rdoba y M\u00e1laga.\"},{\"@type\":\"BreadcrumbList\",\"@id\":\"https:\/\/jjfconsultores.com\/index.php\/jesus-prieto-abogado-en-cordoba-y-malaga\/#breadcrumb\",\"itemListElement\":[{\"@type\":\"ListItem\",\"position\":1,\"name\":\"Portada\",\"item\":\"https:\/\/jjfconsultores.com\/\"},{\"@type\":\"ListItem\",\"position\":2,\"name\":\"Jes\u00fas Prieto \u2013 Abogado en C\u00f3rdoba y M\u00e1laga\"}]},{\"@type\":\"WebSite\",\"@id\":\"https:\/\/jjfconsultores.com\/#website\",\"url\":\"https:\/\/jjfconsultores.com\/\",\"name\":\"JJF consultores y abogados\",\"description\":\"Asesor\u00eda fiscal, laboral, contable y jur\u00eddica en C\u00f3rdoba y M\u00e1laga\",\"publisher\":{\"@id\":\"https:\/\/jjfconsultores.com\/#organization\"},\"potentialAction\":[{\"@type\":\"SearchAction\",\"target\":{\"@type\":\"EntryPoint\",\"urlTemplate\":\"https:\/\/jjfconsultores.com\/?s={search_term_string}\"},\"query-input\":{\"@type\":\"PropertyValueSpecification\",\"valueRequired\":true,\"valueName\":\"search_term_string\"}}],\"inLanguage\":\"es\"},{\"@type\":\"Organization\",\"@id\":\"https:\/\/jjfconsultores.com\/#organization\",\"name\":\"JJF consultores y abogados\",\"url\":\"https:\/\/jjfconsultores.com\/\",\"logo\":{\"@type\":\"ImageObject\",\"inLanguage\":\"es\",\"@id\":\"https:\/\/jjfconsultores.com\/#\/schema\/logo\/image\/\",\"url\":\"https:\/\/jjfconsultores.com\/wp-content\/uploads\/2020\/01\/jjf-consultores-abogados-1.png\",\"contentUrl\":\"https:\/\/jjfconsultores.com\/wp-content\/uploads\/2020\/01\/jjf-consultores-abogados-1.png\",\"width\":500,\"height\":500,\"caption\":\"JJF consultores y abogados\"},\"image\":{\"@id\":\"https:\/\/jjfconsultores.com\/#\/schema\/logo\/image\/\"},\"sameAs\":[\"https:\/\/www.facebook.com\/JJFconsultoresyabogados\",\"https:\/\/x.com\/jesusprieto\",\"https:\/\/www.instagram.com\/JJF_consultores_abogados\/\",\"https:\/\/www.linkedin.com\/company\/jjf-soluciones-de-empresa\"]}]}<\/script>\n<!-- \/ Yoast SEO plugin. -->","yoast_head_json":{"title":"Jes\u00fas Prieto \u2013 Abogado en C\u00f3rdoba y M\u00e1laga - JJF consultores y abogados en C\u00f3rdoba y M\u00e1laga","robots":{"index":"index","follow":"follow","max-snippet":"max-snippet:-1","max-image-preview":"max-image-preview:large","max-video-preview":"max-video-preview:-1"},"canonical":"https:\/\/jjfconsultores.com\/index.php\/jesus-prieto-abogado-en-cordoba-y-malaga\/","og_locale":"es_ES","og_type":"article","og_title":"Jes\u00fas Prieto \u2013 Abogado en C\u00f3rdoba y M\u00e1laga - JJF consultores y abogados en C\u00f3rdoba y M\u00e1laga","og_description":"Asesoro a particulares y empresas en materias clave como el derecho laboral, fiscal y todo lo relacionado con el \u00e1mbito inmobiliario: compraventas, arrendamientos, propiedad horizontal o conflictos entre propietarios. Adem\u00e1s de ejercer como abogado en JJF desde 2022, colaboro de forma habitual con Idealista, donde analizo novedades legales, sentencias relevantes &hellip;","og_url":"https:\/\/jjfconsultores.com\/index.php\/jesus-prieto-abogado-en-cordoba-y-malaga\/","og_site_name":"JJF consultores y abogados en C\u00f3rdoba y M\u00e1laga","article_publisher":"https:\/\/www.facebook.com\/JJFconsultoresyabogados","article_modified_time":"2025-08-05T11:38:17+00:00","og_image":[{"width":1706,"height":2560,"url":"https:\/\/jjfconsultores.com\/wp-content\/uploads\/2022\/02\/JJF-Consultores_Retratos_034-scaled.jpg","type":"image\/jpeg"}],"twitter_card":"summary_large_image","twitter_site":"@jesusprieto","twitter_misc":{"Tiempo de lectura":"2 minutos"},"schema":{"@context":"https:\/\/schema.org","@graph":[{"@type":"WebPage","@id":"https:\/\/jjfconsultores.com\/index.php\/jesus-prieto-abogado-en-cordoba-y-malaga\/","url":"https:\/\/jjfconsultores.com\/index.php\/jesus-prieto-abogado-en-cordoba-y-malaga\/","name":"Jes\u00fas Prieto \u2013 Abogado en C\u00f3rdoba y M\u00e1laga - JJF consultores y abogados en C\u00f3rdoba y M\u00e1laga","isPartOf":{"@id":"https:\/\/jjfconsultores.com\/#website"},"primaryImageOfPage":{"@id":"https:\/\/jjfconsultores.com\/index.php\/jesus-prieto-abogado-en-cordoba-y-malaga\/#primaryimage"},"image":{"@id":"https:\/\/jjfconsultores.com\/index.php\/jesus-prieto-abogado-en-cordoba-y-malaga\/#primaryimage"},"thumbnailUrl":"https:\/\/jjfconsultores.com\/wp-content\/uploads\/2022\/02\/JJF-Consultores_Retratos_034-683x1024.jpg","datePublished":"2025-08-05T11:06:22+00:00","dateModified":"2025-08-05T11:38:17+00:00","breadcrumb":{"@id":"https:\/\/jjfconsultores.com\/index.php\/jesus-prieto-abogado-en-cordoba-y-malaga\/#breadcrumb"},"inLanguage":"es","potentialAction":[{"@type":"ReadAction","target":["https:\/\/jjfconsultores.com\/index.php\/jesus-prieto-abogado-en-cordoba-y-malaga\/"]}]},{"@type":"ImageObject","inLanguage":"es","@id":"https:\/\/jjfconsultores.com\/index.php\/jesus-prieto-abogado-en-cordoba-y-malaga\/#primaryimage","url":"https:\/\/jjfconsultores.com\/wp-content\/uploads\/2022\/02\/JJF-Consultores_Retratos_034-scaled.jpg","contentUrl":"https:\/\/jjfconsultores.com\/wp-content\/uploads\/2022\/02\/JJF-Consultores_Retratos_034-scaled.jpg","width":1706,"height":2560,"caption":"Jes\u00fas Prieto, abogado especializado en Derecho Laboral, Fiscal e Inmobiliario en C\u00f3rdoba y M\u00e1laga."},{"@type":"BreadcrumbList","@id":"https:\/\/jjfconsultores.com\/index.php\/jesus-prieto-abogado-en-cordoba-y-malaga\/#breadcrumb","itemListElement":[{"@type":"ListItem","position":1,"name":"Portada","item":"https:\/\/jjfconsultores.com\/"},{"@type":"ListItem","position":2,"name":"Jes\u00fas Prieto \u2013 Abogado en C\u00f3rdoba y M\u00e1laga"}]},{"@type":"WebSite","@id":"https:\/\/jjfconsultores.com\/#website","url":"https:\/\/jjfconsultores.com\/","name":"JJF consultores y abogados","description":"Asesor\u00eda fiscal, laboral, contable y jur\u00eddica en C\u00f3rdoba y M\u00e1laga","publisher":{"@id":"https:\/\/jjfconsultores.com\/#organization"},"potentialAction":[{"@type":"SearchAction","target":{"@type":"EntryPoint","urlTemplate":"https:\/\/jjfconsultores.com\/?s={search_term_string}"},"query-input":{"@type":"PropertyValueSpecification","valueRequired":true,"valueName":"search_term_string"}}],"inLanguage":"es"},{"@type":"Organization","@id":"https:\/\/jjfconsultores.com\/#organization","name":"JJF consultores y abogados","url":"https:\/\/jjfconsultores.com\/","logo":{"@type":"ImageObject","inLanguage":"es","@id":"https:\/\/jjfconsultores.com\/#\/schema\/logo\/image\/","url":"https:\/\/jjfconsultores.com\/wp-content\/uploads\/2020\/01\/jjf-consultores-abogados-1.png","contentUrl":"https:\/\/jjfconsultores.com\/wp-content\/uploads\/2020\/01\/jjf-consultores-abogados-1.png","width":500,"height":500,"caption":"JJF consultores y abogados"},"image":{"@id":"https:\/\/jjfconsultores.com\/#\/schema\/logo\/image\/"},"sameAs":["https:\/\/www.facebook.com\/JJFconsultoresyabogados","https:\/\/x.com\/jesusprieto","https:\/\/www.instagram.com\/JJF_consultores_abogados\/","https:\/\/www.linkedin.com\/company\/jjf-soluciones-de-empresa"]}]}},"_links":{"self":[{"href":"https:\/\/jjfconsultores.com\/index.php\/wp-json\/wp\/v2\/pages\/1915","targetHints":{"allow":["GET"]}}],"collection":[{"href":"https:\/\/jjfconsultores.com\/index.php\/wp-json\/wp\/v2\/pages"}],"about":[{"href":"https:\/\/jjfconsultores.com\/index.php\/wp-json\/wp\/v2\/types\/page"}],"author":[{"embeddable":true,"href":"https:\/\/jjfconsultores.com\/index.php\/wp-json\/wp\/v2\/users\/2"}],"replies":[{"embeddable":true,"href":"https:\/\/jjfconsultores.com\/index.php\/wp-json\/wp\/v2\/comments?post=1915"}],"version-history":[{"count":16,"href":"https:\/\/jjfconsultores.com\/index.php\/wp-json\/wp\/v2\/pages\/1915\/revisions"}],"predecessor-version":[{"id":1940,"href":"https:\/\/jjfconsultores.com\/index.php\/wp-json\/wp\/v2\/pages\/1915\/revisions\/1940"}],"wp:attachment":[{"href":"https:\/\/jjfconsultores.com\/index.php\/wp-json\/wp\/v2\/media?parent=1915"}],"curies":[{"name":"wp","href":"https:\/\/api.w.org\/{rel}","templated":true}]}}