{"id":444,"date":"2022-02-17T14:01:21","date_gmt":"2022-02-17T13:01:21","guid":{"rendered":"http:\/\/jjfconsultores.com\/?page_id=444"},"modified":"2025-08-05T12:43:28","modified_gmt":"2025-08-05T11:43:28","slug":"quienes-somos","status":"publish","type":"page","link":"https:\/\/jjfconsultores.com\/index.php\/quienes-somos\/","title":{"rendered":"Qui\u00e9nes somos"},"content":{"rendered":"\n<h2 style=\"text-align: center;\">Nuestro equipo<\/h2><p>Para garantizarte un servicio de primera calidad, cercano y a tu medida, contamos con un equipo de profesionales altamente cualificados.<\/p>\n\n\n\n<div class=\"wp-block-columns is-layout-flex wp-container-core-columns-is-layout-9d6595d7 wp-block-columns-is-layout-flex\">\n<div class=\"wp-block-column is-layout-flow wp-block-column-is-layout-flow\" style=\"flex-basis:100%\">\n<div class=\"wp-block-group is-nowrap is-layout-flex wp-container-core-group-is-layout-ad2f72ca wp-block-group-is-layout-flex\">\n<div class=\"wp-block-columns is-layout-flex wp-container-core-columns-is-layout-9d6595d7 wp-block-columns-is-layout-flex\">\n<div class=\"wp-block-column is-layout-flow wp-block-column-is-layout-flow\" style=\"flex-basis:25%\"><div class=\"wp-block-image is-style-rounded\">\n<figure class=\"aligncenter size-large\"><a href=\"https:\/\/jjfconsultores.com\/index.php\/jesus-manuel-prieto\/\"><img decoding=\"async\" width=\"683\" height=\"1024\" src=\"https:\/\/jjfconsultores.com\/wp-content\/uploads\/2022\/02\/JJF-Consultores_Retratos_005-683x1024.jpg\" alt=\"Jes\u00fas Manuel Prieto Olaya\" class=\"wp-image-447\" srcset=\"https:\/\/jjfconsultores.com\/wp-content\/uploads\/2022\/02\/JJF-Consultores_Retratos_005-683x1024.jpg 683w, https:\/\/jjfconsultores.com\/wp-content\/uploads\/2022\/02\/JJF-Consultores_Retratos_005-200x300.jpg 200w, https:\/\/jjfconsultores.com\/wp-content\/uploads\/2022\/02\/JJF-Consultores_Retratos_005-768x1152.jpg 768w, https:\/\/jjfconsultores.com\/wp-content\/uploads\/2022\/02\/JJF-Consultores_Retratos_005-1024x1536.jpg 1024w, https:\/\/jjfconsultores.com\/wp-content\/uploads\/2022\/02\/JJF-Consultores_Retratos_005-1365x2048.jpg 1365w, https:\/\/jjfconsultores.com\/wp-content\/uploads\/2022\/02\/JJF-Consultores_Retratos_005-600x900.jpg 600w, https:\/\/jjfconsultores.com\/wp-content\/uploads\/2022\/02\/JJF-Consultores_Retratos_005-scaled.jpg 1707w\" sizes=\"(max-width: 683px) 100vw, 683px\" \/><\/a><figcaption class=\"wp-element-caption\">Jes\u00fas Manuel Prieto Olaya<br><strong>Abogado y CEO<\/strong><\/figcaption><\/figure>\n<\/div><\/div>\n\n\n\n<div class=\"wp-block-column is-layout-flow wp-block-column-is-layout-flow\" style=\"flex-basis:25%\"><div class=\"wp-block-image is-style-rounded\">\n<figure class=\"aligncenter size-large\"><img decoding=\"async\" width=\"683\" height=\"1024\" src=\"https:\/\/jjfconsultores.com\/wp-content\/uploads\/2022\/11\/JJF-Consultores_Retratos_007-1024x1536-1-683x1024.jpg\" alt=\"\" class=\"wp-image-549\" srcset=\"https:\/\/jjfconsultores.com\/wp-content\/uploads\/2022\/11\/JJF-Consultores_Retratos_007-1024x1536-1-683x1024.jpg 683w, https:\/\/jjfconsultores.com\/wp-content\/uploads\/2022\/11\/JJF-Consultores_Retratos_007-1024x1536-1-200x300.jpg 200w, https:\/\/jjfconsultores.com\/wp-content\/uploads\/2022\/11\/JJF-Consultores_Retratos_007-1024x1536-1-768x1152.jpg 768w, https:\/\/jjfconsultores.com\/wp-content\/uploads\/2022\/11\/JJF-Consultores_Retratos_007-1024x1536-1-600x900.jpg 600w, https:\/\/jjfconsultores.com\/wp-content\/uploads\/2022\/11\/JJF-Consultores_Retratos_007-1024x1536-1.jpg 1024w\" sizes=\"(max-width: 683px) 100vw, 683px\" \/><figcaption class=\"wp-element-caption\">Ana Cristina Jorquera Cepas<br><strong>Abogada y contable<\/strong><\/figcaption><\/figure>\n<\/div><\/div>\n\n\n\n<div class=\"wp-block-column is-layout-flow wp-block-column-is-layout-flow\" style=\"flex-basis:25%\"><div class=\"wp-block-image is-style-rounded\">\n<figure class=\"aligncenter size-large\"><img decoding=\"async\" width=\"683\" height=\"1024\" src=\"https:\/\/jjfconsultores.com\/wp-content\/uploads\/2022\/02\/JJF-Consultores_Retratos_017-683x1024.jpg\" alt=\"\" class=\"wp-image-457\" srcset=\"https:\/\/jjfconsultores.com\/wp-content\/uploads\/2022\/02\/JJF-Consultores_Retratos_017-683x1024.jpg 683w, https:\/\/jjfconsultores.com\/wp-content\/uploads\/2022\/02\/JJF-Consultores_Retratos_017-200x300.jpg 200w, https:\/\/jjfconsultores.com\/wp-content\/uploads\/2022\/02\/JJF-Consultores_Retratos_017-768x1152.jpg 768w, https:\/\/jjfconsultores.com\/wp-content\/uploads\/2022\/02\/JJF-Consultores_Retratos_017-1024x1536.jpg 1024w, https:\/\/jjfconsultores.com\/wp-content\/uploads\/2022\/02\/JJF-Consultores_Retratos_017-1365x2048.jpg 1365w, https:\/\/jjfconsultores.com\/wp-content\/uploads\/2022\/02\/JJF-Consultores_Retratos_017-600x900.jpg 600w, https:\/\/jjfconsultores.com\/wp-content\/uploads\/2022\/02\/JJF-Consultores_Retratos_017-scaled.jpg 1707w\" sizes=\"(max-width: 683px) 100vw, 683px\" \/><figcaption class=\"wp-element-caption\">M\u00aa de los \u00c1ngeles Costanillas Ruiz<br><strong>Departamento laboral<\/strong><\/figcaption><\/figure>\n<\/div><\/div>\n\n\n\n<div class=\"wp-block-column is-layout-flow wp-block-column-is-layout-flow\" style=\"flex-basis:25%\"><div class=\"wp-block-image is-style-rounded\">\n<figure class=\"aligncenter size-large\"><a href=\"https:\/\/jjfconsultores.com\/index.php\/jesus-prieto-abogado-en-cordoba-y-malaga\/\"><img decoding=\"async\" width=\"683\" height=\"1024\" src=\"https:\/\/jjfconsultores.com\/wp-content\/uploads\/2022\/02\/JJF-Consultores_Retratos_034-683x1024.jpg\" alt=\"Jes\u00fas Prieto es abogado especializado en derecho laboral, fiscal e inmobiliario\" class=\"wp-image-452\" srcset=\"https:\/\/jjfconsultores.com\/wp-content\/uploads\/2022\/02\/JJF-Consultores_Retratos_034-683x1024.jpg 683w, https:\/\/jjfconsultores.com\/wp-content\/uploads\/2022\/02\/JJF-Consultores_Retratos_034-200x300.jpg 200w, https:\/\/jjfconsultores.com\/wp-content\/uploads\/2022\/02\/JJF-Consultores_Retratos_034-768x1152.jpg 768w, https:\/\/jjfconsultores.com\/wp-content\/uploads\/2022\/02\/JJF-Consultores_Retratos_034-1024x1536.jpg 1024w, https:\/\/jjfconsultores.com\/wp-content\/uploads\/2022\/02\/JJF-Consultores_Retratos_034-1365x2048.jpg 1365w, https:\/\/jjfconsultores.com\/wp-content\/uploads\/2022\/02\/JJF-Consultores_Retratos_034-600x900.jpg 600w, https:\/\/jjfconsultores.com\/wp-content\/uploads\/2022\/02\/JJF-Consultores_Retratos_034-scaled.jpg 1706w\" sizes=\"(max-width: 683px) 100vw, 683px\" \/><\/a><figcaption class=\"wp-element-caption\">Jes\u00fas Prieto Jorquera<br><strong><strong>Abogado y contable<\/strong><\/strong><\/figcaption><\/figure>\n<\/div><\/div>\n<\/div>\n<\/div>\n<\/div>\n<\/div>\n\n\n\n<div class=\"wp-block-columns is-layout-flex wp-container-core-columns-is-layout-9d6595d7 wp-block-columns-is-layout-flex\">\n<div class=\"wp-block-column is-layout-flow wp-block-column-is-layout-flow\" style=\"flex-basis:100%\"><\/div>\n<\/div>\n","protected":false},"excerpt":{"rendered":"<p>Nuestro equipo Para garantizarte un servicio de primera calidad, cercano y a tu medida, contamos con un equipo de profesionales altamente cualificados.<\/p>\n","protected":false},"author":2,"featured_media":0,"parent":0,"menu_order":0,"comment_status":"closed","ping_status":"closed","template":"","meta":{"_mbp_gutenberg_autopost":false,"_joinchat":[],"footnotes":""},"class_list":["post-444","page","type-page","status-publish","hentry"],"yoast_head":"<!-- This site is optimized with the Yoast SEO plugin v24.6 - https:\/\/yoast.com\/wordpress\/plugins\/seo\/ -->\n<title>Qui\u00e9nes somos - JJF consultores y abogados en C\u00f3rdoba y M\u00e1laga<\/title>\n<meta name=\"description\" content=\"Para garantizarte un servicio de primera calidad, cercano y a tu medida, contamos con un equipo de expertos altamente cualificados.\" \/>\n<meta name=\"robots\" content=\"index, follow, max-snippet:-1, max-image-preview:large, max-video-preview:-1\" \/>\n<link rel=\"canonical\" href=\"https:\/\/jjfconsultores.com\/index.php\/quienes-somos\/\" \/>\n<meta property=\"og:locale\" content=\"es_ES\" \/>\n<meta property=\"og:type\" content=\"article\" \/>\n<meta property=\"og:title\" content=\"Qui\u00e9nes somos - JJF consultores y abogados en C\u00f3rdoba y M\u00e1laga\" \/>\n<meta property=\"og:description\" content=\"Para garantizarte un servicio de primera calidad, cercano y a tu medida, contamos con un equipo de expertos altamente cualificados.\" \/>\n<meta property=\"og:url\" content=\"https:\/\/jjfconsultores.com\/index.php\/quienes-somos\/\" \/>\n<meta property=\"og:site_name\" content=\"JJF consultores y abogados en C\u00f3rdoba y M\u00e1laga\" \/>\n<meta property=\"article:publisher\" content=\"https:\/\/www.facebook.com\/JJFconsultoresyabogados\" \/>\n<meta property=\"article:modified_time\" content=\"2025-08-05T11:43:28+00:00\" \/>\n<meta property=\"og:image\" content=\"http:\/\/jjfconsultores.com\/wp-content\/uploads\/2022\/02\/JJF-Consultores_Retratos_005-683x1024.jpg\" \/>\n<meta name=\"twitter:card\" content=\"summary_large_image\" \/>\n<meta name=\"twitter:site\" content=\"@jesusprieto\" \/>\n<meta name=\"twitter:label1\" content=\"Tiempo de lectura\" \/>\n\t<meta name=\"twitter:data1\" content=\"2 minutos\" \/>\n<script type=\"application\/ld+json\" class=\"yoast-schema-graph\">{\"@context\":\"https:\/\/schema.org\",\"@graph\":[{\"@type\":\"WebPage\",\"@id\":\"https:\/\/jjfconsultores.com\/index.php\/quienes-somos\/\",\"url\":\"https:\/\/jjfconsultores.com\/index.php\/quienes-somos\/\",\"name\":\"Qui\u00e9nes somos - JJF consultores y abogados en C\u00f3rdoba y M\u00e1laga\",\"isPartOf\":{\"@id\":\"https:\/\/jjfconsultores.com\/#website\"},\"primaryImageOfPage\":{\"@id\":\"https:\/\/jjfconsultores.com\/index.php\/quienes-somos\/#primaryimage\"},\"image\":{\"@id\":\"https:\/\/jjfconsultores.com\/index.php\/quienes-somos\/#primaryimage\"},\"thumbnailUrl\":\"http:\/\/jjfconsultores.com\/wp-content\/uploads\/2022\/02\/JJF-Consultores_Retratos_005-683x1024.jpg\",\"datePublished\":\"2022-02-17T13:01:21+00:00\",\"dateModified\":\"2025-08-05T11:43:28+00:00\",\"description\":\"Para garantizarte un servicio de primera calidad, cercano y a tu medida, contamos con un equipo de expertos altamente cualificados.\",\"breadcrumb\":{\"@id\":\"https:\/\/jjfconsultores.com\/index.php\/quienes-somos\/#breadcrumb\"},\"inLanguage\":\"es\",\"potentialAction\":[{\"@type\":\"ReadAction\",\"target\":[\"https:\/\/jjfconsultores.com\/index.php\/quienes-somos\/\"]}]},{\"@type\":\"ImageObject\",\"inLanguage\":\"es\",\"@id\":\"https:\/\/jjfconsultores.com\/index.php\/quienes-somos\/#primaryimage\",\"url\":\"http:\/\/jjfconsultores.com\/wp-content\/uploads\/2022\/02\/JJF-Consultores_Retratos_005-683x1024.jpg\",\"contentUrl\":\"http:\/\/jjfconsultores.com\/wp-content\/uploads\/2022\/02\/JJF-Consultores_Retratos_005-683x1024.jpg\"},{\"@type\":\"BreadcrumbList\",\"@id\":\"https:\/\/jjfconsultores.com\/index.php\/quienes-somos\/#breadcrumb\",\"itemListElement\":[{\"@type\":\"ListItem\",\"position\":1,\"name\":\"Portada\",\"item\":\"https:\/\/jjfconsultores.com\/\"},{\"@type\":\"ListItem\",\"position\":2,\"name\":\"Qui\u00e9nes somos\"}]},{\"@type\":\"WebSite\",\"@id\":\"https:\/\/jjfconsultores.com\/#website\",\"url\":\"https:\/\/jjfconsultores.com\/\",\"name\":\"JJF consultores y abogados\",\"description\":\"Asesor\u00eda fiscal, laboral, contable y jur\u00eddica en C\u00f3rdoba y M\u00e1laga\",\"publisher\":{\"@id\":\"https:\/\/jjfconsultores.com\/#organization\"},\"potentialAction\":[{\"@type\":\"SearchAction\",\"target\":{\"@type\":\"EntryPoint\",\"urlTemplate\":\"https:\/\/jjfconsultores.com\/?s={search_term_string}\"},\"query-input\":{\"@type\":\"PropertyValueSpecification\",\"valueRequired\":true,\"valueName\":\"search_term_string\"}}],\"inLanguage\":\"es\"},{\"@type\":\"Organization\",\"@id\":\"https:\/\/jjfconsultores.com\/#organization\",\"name\":\"JJF consultores y abogados\",\"url\":\"https:\/\/jjfconsultores.com\/\",\"logo\":{\"@type\":\"ImageObject\",\"inLanguage\":\"es\",\"@id\":\"https:\/\/jjfconsultores.com\/#\/schema\/logo\/image\/\",\"url\":\"https:\/\/jjfconsultores.com\/wp-content\/uploads\/2020\/01\/jjf-consultores-abogados-1.png\",\"contentUrl\":\"https:\/\/jjfconsultores.com\/wp-content\/uploads\/2020\/01\/jjf-consultores-abogados-1.png\",\"width\":500,\"height\":500,\"caption\":\"JJF consultores y abogados\"},\"image\":{\"@id\":\"https:\/\/jjfconsultores.com\/#\/schema\/logo\/image\/\"},\"sameAs\":[\"https:\/\/www.facebook.com\/JJFconsultoresyabogados\",\"https:\/\/x.com\/jesusprieto\",\"https:\/\/www.instagram.com\/JJF_consultores_abogados\/\",\"https:\/\/www.linkedin.com\/company\/jjf-soluciones-de-empresa\"]}]}<\/script>\n<!-- \/ Yoast SEO plugin. -->","yoast_head_json":{"title":"Qui\u00e9nes somos - JJF consultores y abogados en C\u00f3rdoba y M\u00e1laga","description":"Para garantizarte un servicio de primera calidad, cercano y a tu medida, contamos con un equipo de expertos altamente cualificados.","robots":{"index":"index","follow":"follow","max-snippet":"max-snippet:-1","max-image-preview":"max-image-preview:large","max-video-preview":"max-video-preview:-1"},"canonical":"https:\/\/jjfconsultores.com\/index.php\/quienes-somos\/","og_locale":"es_ES","og_type":"article","og_title":"Qui\u00e9nes somos - JJF consultores y abogados en C\u00f3rdoba y M\u00e1laga","og_description":"Para garantizarte un servicio de primera calidad, cercano y a tu medida, contamos con un equipo de expertos altamente cualificados.","og_url":"https:\/\/jjfconsultores.com\/index.php\/quienes-somos\/","og_site_name":"JJF consultores y abogados en C\u00f3rdoba y M\u00e1laga","article_publisher":"https:\/\/www.facebook.com\/JJFconsultoresyabogados","article_modified_time":"2025-08-05T11:43:28+00:00","og_image":[{"url":"http:\/\/jjfconsultores.com\/wp-content\/uploads\/2022\/02\/JJF-Consultores_Retratos_005-683x1024.jpg","type":"","width":"","height":""}],"twitter_card":"summary_large_image","twitter_site":"@jesusprieto","twitter_misc":{"Tiempo de lectura":"2 minutos"},"schema":{"@context":"https:\/\/schema.org","@graph":[{"@type":"WebPage","@id":"https:\/\/jjfconsultores.com\/index.php\/quienes-somos\/","url":"https:\/\/jjfconsultores.com\/index.php\/quienes-somos\/","name":"Qui\u00e9nes somos - JJF consultores y abogados en C\u00f3rdoba y M\u00e1laga","isPartOf":{"@id":"https:\/\/jjfconsultores.com\/#website"},"primaryImageOfPage":{"@id":"https:\/\/jjfconsultores.com\/index.php\/quienes-somos\/#primaryimage"},"image":{"@id":"https:\/\/jjfconsultores.com\/index.php\/quienes-somos\/#primaryimage"},"thumbnailUrl":"http:\/\/jjfconsultores.com\/wp-content\/uploads\/2022\/02\/JJF-Consultores_Retratos_005-683x1024.jpg","datePublished":"2022-02-17T13:01:21+00:00","dateModified":"2025-08-05T11:43:28+00:00","description":"Para garantizarte un servicio de primera calidad, cercano y a tu medida, contamos con un equipo de expertos altamente cualificados.","breadcrumb":{"@id":"https:\/\/jjfconsultores.com\/index.php\/quienes-somos\/#breadcrumb"},"inLanguage":"es","potentialAction":[{"@type":"ReadAction","target":["https:\/\/jjfconsultores.com\/index.php\/quienes-somos\/"]}]},{"@type":"ImageObject","inLanguage":"es","@id":"https:\/\/jjfconsultores.com\/index.php\/quienes-somos\/#primaryimage","url":"http:\/\/jjfconsultores.com\/wp-content\/uploads\/2022\/02\/JJF-Consultores_Retratos_005-683x1024.jpg","contentUrl":"http:\/\/jjfconsultores.com\/wp-content\/uploads\/2022\/02\/JJF-Consultores_Retratos_005-683x1024.jpg"},{"@type":"BreadcrumbList","@id":"https:\/\/jjfconsultores.com\/index.php\/quienes-somos\/#breadcrumb","itemListElement":[{"@type":"ListItem","position":1,"name":"Portada","item":"https:\/\/jjfconsultores.com\/"},{"@type":"ListItem","position":2,"name":"Qui\u00e9nes somos"}]},{"@type":"WebSite","@id":"https:\/\/jjfconsultores.com\/#website","url":"https:\/\/jjfconsultores.com\/","name":"JJF consultores y abogados","description":"Asesor\u00eda fiscal, laboral, contable y jur\u00eddica en C\u00f3rdoba y M\u00e1laga","publisher":{"@id":"https:\/\/jjfconsultores.com\/#organization"},"potentialAction":[{"@type":"SearchAction","target":{"@type":"EntryPoint","urlTemplate":"https:\/\/jjfconsultores.com\/?s={search_term_string}"},"query-input":{"@type":"PropertyValueSpecification","valueRequired":true,"valueName":"search_term_string"}}],"inLanguage":"es"},{"@type":"Organization","@id":"https:\/\/jjfconsultores.com\/#organization","name":"JJF consultores y abogados","url":"https:\/\/jjfconsultores.com\/","logo":{"@type":"ImageObject","inLanguage":"es","@id":"https:\/\/jjfconsultores.com\/#\/schema\/logo\/image\/","url":"https:\/\/jjfconsultores.com\/wp-content\/uploads\/2020\/01\/jjf-consultores-abogados-1.png","contentUrl":"https:\/\/jjfconsultores.com\/wp-content\/uploads\/2020\/01\/jjf-consultores-abogados-1.png","width":500,"height":500,"caption":"JJF consultores y abogados"},"image":{"@id":"https:\/\/jjfconsultores.com\/#\/schema\/logo\/image\/"},"sameAs":["https:\/\/www.facebook.com\/JJFconsultoresyabogados","https:\/\/x.com\/jesusprieto","https:\/\/www.instagram.com\/JJF_consultores_abogados\/","https:\/\/www.linkedin.com\/company\/jjf-soluciones-de-empresa"]}]}},"_links":{"self":[{"href":"https:\/\/jjfconsultores.com\/index.php\/wp-json\/wp\/v2\/pages\/444","targetHints":{"allow":["GET"]}}],"collection":[{"href":"https:\/\/jjfconsultores.com\/index.php\/wp-json\/wp\/v2\/pages"}],"about":[{"href":"https:\/\/jjfconsultores.com\/index.php\/wp-json\/wp\/v2\/types\/page"}],"author":[{"embeddable":true,"href":"https:\/\/jjfconsultores.com\/index.php\/wp-json\/wp\/v2\/users\/2"}],"replies":[{"embeddable":true,"href":"https:\/\/jjfconsultores.com\/index.php\/wp-json\/wp\/v2\/comments?post=444"}],"version-history":[{"count":28,"href":"https:\/\/jjfconsultores.com\/index.php\/wp-json\/wp\/v2\/pages\/444\/revisions"}],"predecessor-version":[{"id":1943,"href":"https:\/\/jjfconsultores.com\/index.php\/wp-json\/wp\/v2\/pages\/444\/revisions\/1943"}],"wp:attachment":[{"href":"https:\/\/jjfconsultores.com\/index.php\/wp-json\/wp\/v2\/media?parent=444"}],"curies":[{"name":"wp","href":"https:\/\/api.w.org\/{rel}","templated":true}]}}