{"id":8,"date":"2018-10-24T08:45:39","date_gmt":"2018-10-24T08:45:39","guid":{"rendered":"http:\/\/jjfconsultores.com\/?page_id=8"},"modified":"2024-01-20T20:17:33","modified_gmt":"2024-01-20T19:17:33","slug":"home","status":"publish","type":"page","link":"https:\/\/jjfconsultores.com\/","title":{"rendered":"JJF consultores y abogados"},"content":{"rendered":"<div class=\"wp-block-image\">\n<figure class=\"aligncenter size-full\"><img decoding=\"async\" width=\"740\" height=\"100\" src=\"https:\/\/jjfconsultores.com\/wp-content\/uploads\/2022\/02\/JJF-MARBELLA-1.png\" alt=\"\" class=\"wp-image-484\" srcset=\"https:\/\/jjfconsultores.com\/wp-content\/uploads\/2022\/02\/JJF-MARBELLA-1.png 740w, https:\/\/jjfconsultores.com\/wp-content\/uploads\/2022\/02\/JJF-MARBELLA-1-300x41.png 300w\" sizes=\"(max-width: 740px) 100vw, 740px\" \/><\/figure>\n<\/div>\n\n\n<center>\n\n<div class=\"fb-video\" data-href=\"https:\/\/fb.watch\/kxNaZTV6Lq\/\" data-show-text=\"false\"><blockquote cite=\"https:\/\/es-es.facebook.com\/JJFconsultoresyabogados\/videos\/985687829104425\/\" class=\"fb-xfbml-parse-ignore\"><a href=\"https:\/\/es-es.facebook.com\/JJFconsultoresyabogados\/videos\/985687829104425\/\"><\/a><p>Volvemos a RTV Marbella para comentar la Sentencia con la que el TS recuerda que, adem\u00e1s de los errores que perjudican a los contribuyentes, la Administraci\u00f3n debe corregir los que les beneficien, y no solo en procedimientos de inspecci\u00f3n, sino en todos, incluyendo los de comprobaci\u00f3n limitada.<\/p>Publicada por <a href=\"https:\/\/www.facebook.com\/JJFconsultoresyabogados\">JJF consultores y abogados<\/a> en Lunes, 15 de mayo de 2023<\/blockquote><\/div>\n\n<\/center>\n\n\n<p>\u00a0<\/p>\n<p>En\u00a0<strong>JJF Consultores<\/strong>, entendemos que la\u00a0<strong>asesor\u00eda jur\u00eddica de empresas<\/strong>\u00a0es fundamental para el \u00e9xito de cualquier proyecto empresarial. Por esta raz\u00f3n, ofrecemos un\u00a0<strong>servicio integral<\/strong>\u00a0que abarca todas las \u00e1reas necesarias para el correcto funcionamiento de una empresa. Desde la\u00a0<strong>gesti\u00f3n fiscal y contable<\/strong>\u00a0hasta el\u00a0<strong>asesoramiento jur\u00eddico y laboral<\/strong>, nuestro equipo de\u00a0<strong>abogados altamente cualificados<\/strong>\u00a0est\u00e1 preparado para ayudar a nuestros clientes a alcanzar sus objetivos.<\/p>\n<h2>Servicios de asesor\u00eda fiscal y contable para empresas<\/h2>\n<p>En materia fiscal, nos encargamos de la <strong>planificaci\u00f3n y gesti\u00f3n de impuestos<\/strong>, evitando sorpresas desagradables de \u00faltima hora. Adem\u00e1s, contamos con un equipo de expertos en\u00a0<strong>tramitaci\u00f3n y gesti\u00f3n de obligaciones fiscales<\/strong>, lo que nos permite garantizar el cumplimiento de todas las obligaciones fiscales de nuestros clientes.<\/p>\n<p><img decoding=\"async\" class=\"wp-image-186 size-large aligncenter\" title=\"JJF consultores y abogados en C\u00f3rdoba y M\u00e1laga\" src=\"https:\/\/jjfconsultores.com\/wp-content\/uploads\/2020\/01\/jjf-20-anos-1024x536.png\" alt=\"\u00bfPor qu\u00e9 contar con JJF consultores?\" width=\"525\" height=\"275\" srcset=\"https:\/\/jjfconsultores.com\/wp-content\/uploads\/2020\/01\/jjf-20-anos-1024x536.png 1024w, https:\/\/jjfconsultores.com\/wp-content\/uploads\/2020\/01\/jjf-20-anos-300x157.png 300w, https:\/\/jjfconsultores.com\/wp-content\/uploads\/2020\/01\/jjf-20-anos-768x402.png 768w, https:\/\/jjfconsultores.com\/wp-content\/uploads\/2020\/01\/jjf-20-anos.png 1200w\" sizes=\"(max-width: 525px) 100vw, 525px\" \/><\/p>\n<p>Ofrecemos servicios de <strong><a href=\"https:\/\/jjfconsultores.com\/index.php\/about\/asesoramiento-contable\/\">contabilidad<\/a> y gesti\u00f3n de libros contables<\/strong>, as\u00ed como de presentaci\u00f3n de impuestos y cuentas anuales. Nuestro equipo de abogados se encarga de llevar un control preciso de los\u00a0<strong>movimientos econ\u00f3micos e inversi\u00f3n<\/strong>\u00a0de las empresas, lo que permite una gesti\u00f3n m\u00e1s eficiente de los recursos.<\/p>\n<table>\n<thead>\n<tr>\n<th>\u00c1rea<\/th>\n<th>Servicio<\/th>\n<th>Beneficio<\/th>\n<\/tr>\n<\/thead>\n<tbody>\n<tr>\n<td><strong>Fiscal<\/strong><\/td>\n<td>Planificaci\u00f3n y gesti\u00f3n de impuestos<\/td>\n<td>Evitar sorpresas desagradables de \u00faltima hora<\/td>\n<\/tr>\n<tr>\n<td><strong>Fiscal<\/strong><\/td>\n<td>Tramitaci\u00f3n y gesti\u00f3n de obligaciones fiscales<\/td>\n<td>Garantizar el cumplimiento de todas las obligaciones fiscales<\/td>\n<\/tr>\n<tr>\n<td><strong>Contable<\/strong><\/td>\n<td>Contabilidad y gesti\u00f3n de libros contables<\/td>\n<td>Llevar un control preciso de los movimientos econ\u00f3micos e inversi\u00f3n<\/td>\n<\/tr>\n<tr>\n<td><strong>Contable<\/strong><\/td>\n<td>Presentaci\u00f3n de impuestos y cuentas anuales<\/td>\n<td>Cumplir con las obligaciones legales y tributarias<\/td>\n<\/tr>\n<\/tbody>\n<\/table>\n<h2>Servicios de asesor\u00eda jur\u00eddica y laboral para empresas<\/h2>\n<p>En materia <a href=\"https:\/\/jjfconsultores.com\/index.php\/about\/asesoramiento-laboral\/\">laboral<\/a>, ofrecemos asesoramiento en materia de\u00a0<strong>contrataci\u00f3n, despidos, n\u00f3minas, seguros sociales<\/strong>\u00a0y todas las cuestiones relacionadas con el entorno laboral del trabajador y de la empresa. Nuestro equipo de abogados est\u00e1 al d\u00eda en todas las novedades y actualizaciones en materia laboral, lo que nos permite ofrecer un asesoramiento riguroso y especializado.<\/p>\n<p>En materia <a href=\"https:\/\/jjfconsultores.com\/index.php\/about\/departamento-de-juridico\/\">jur\u00eddica<\/a>, ofrecemos asesoramiento prejudicial y judicial en\u00a0<strong>disputas y casos jur\u00eddicos<\/strong> relacionados con la actividad empresarial. Adem\u00e1s, estamos preparados para la defensa y el acompa\u00f1amiento necesarios para nuestros clientes en caso de ser necesario. Nuestro equipo de abogados tiene amplia experiencia en\u00a0<strong>litigios empresariales<\/strong> para defender los intereses de nuestros clientes en cualquier situaci\u00f3n.<\/p>\n<p>En JJF Consultores, nos esforzamos por ofrecer un servicio personalizado y cercano a cada uno de nuestros clientes. Sabemos que cada empresa es diferente y tiene necesidades particulares, por lo que prestamos una atenci\u00f3n exclusiva a cada caso. Nos aseguramos de entender a fondo la situaci\u00f3n y las necesidades de nuestros clientes para satisfacer sus expectativas y ayudarles a alcanzar sus objetivos.<\/p>\n<p>Adem\u00e1s, en nuestra asesor\u00eda ofrecemos servicios de manera clara y transparente, con presupuestos personalizados y una pol\u00edtica de precios justa, sin costes ocultos. Creemos que la <strong>transparencia<\/strong> es fundamental para generar confianza y establecer una relaci\u00f3n de confianza con nuestros clientes.<\/p>\n<table>\n<thead>\n<tr>\n<th>\u00c1rea<\/th>\n<th>Servicio<\/th>\n<th>Beneficio<\/th>\n<\/tr>\n<\/thead>\n<tbody>\n<tr>\n<td><strong>Laboral<\/strong><\/td>\n<td>Asesoramiento en materia de contrataci\u00f3n, despidos, n\u00f3minas, seguros sociales y otras cuestiones laborales<\/td>\n<td>Resolver las dudas y problemas relacionados con el entorno laboral del trabajador y de la empresa<\/td>\n<\/tr>\n<tr>\n<td><strong>Jur\u00eddico<\/strong><\/td>\n<td>Asesoramiento prejudicial y judicial en disputas y casos jur\u00eddicos relacionados con la actividad empresarial<\/td>\n<td>Prevenir y resolver los conflictos legales que puedan surgir en el \u00e1mbito empresarial<\/td>\n<\/tr>\n<tr>\n<td><strong>Jur\u00eddico<\/strong><\/td>\n<td>Defensa y acompa\u00f1amiento en caso de ser necesario<\/td>\n<td>Defender los intereses de nuestros clientes en cualquier situaci\u00f3n<\/td>\n<\/tr>\n<\/tbody>\n<\/table>\n<h2>Contacta con JJF Consultores, tu asesor\u00eda jur\u00eddica de empresas<\/h2>\n<p>En resumen, ofrecemos un servicio integral de asesor\u00eda jur\u00eddica de empresas, que abarca todas las \u00e1reas necesarias para el correcto funcionamiento de una empresa. Nuestro equipo de abogados ayuda a cada cliente a alcanzar sus objetivos. Si est\u00e1 buscando una asesor\u00eda jur\u00eddica de empresas en la que confiar, no dude en ponerse en contacto con nosotros llamando al <strong>957 47 46 27<\/strong>, a trav\u00e9s de WhatsApp o envi\u00e1ndonos un email a <strong>jjfconsultores@jjfconsultores.com<\/strong><\/p>\n\n\n\n\n<center>\n\n<div class=\"fb-video\" data-href=\"https:\/\/fb.watch\/jk7ywZbywL\/\" data-show-text=\"false\"><blockquote cite=\"https:\/\/www.facebook.com\/JJFconsultoresyabogados\/videos\/927422541783826\/\" class=\"fb-xfbml-parse-ignore\"><a href=\"https:\/\/www.facebook.com\/JJFconsultoresyabogados\/videos\/927422541783826\/\"><\/a><p>La campa\u00f1a de la #renta se acerca y es momento de conocer c\u00f3mo se presenta.<\/p>Publicada por <a href=\"https:\/\/www.facebook.com\/JJFconsultoresyabogados\">JJF consultores y abogados<\/a> en Viernes, 17 de marzo de 2023<\/blockquote><\/div>\n\n<\/center>\n","protected":false},"excerpt":{"rendered":"<p>Volvemos a RTV Marbella para comentar la Sentencia con la que el TS recuerda que, adem\u00e1s de los errores que perjudican a los contribuyentes, la Administraci\u00f3n debe corregir los que les beneficien, y no solo en procedimientos de inspecci\u00f3n, sino en todos, incluyendo los de comprobaci\u00f3n limitada. Publicada por JJF &hellip; <\/p>\n","protected":false},"author":1,"featured_media":0,"parent":0,"menu_order":0,"comment_status":"closed","ping_status":"closed","template":"","meta":{"_mbp_gutenberg_autopost":false,"_joinchat":[],"footnotes":""},"class_list":["post-8","page","type-page","status-publish","hentry"],"yoast_head":"<!-- This site is optimized with the Yoast SEO plugin v24.6 - https:\/\/yoast.com\/wordpress\/plugins\/seo\/ -->\n<title>JJF consultores y abogados - JJF consultores y abogados en C\u00f3rdoba y M\u00e1laga<\/title>\n<meta name=\"description\" content=\"20 a\u00f1os ayudando a pymes y gente como t\u00fa. Asesor\u00eda fiscal, laboral, contable y jur\u00eddica en C\u00f3rdoba y M\u00e1laga.\" \/>\n<meta name=\"robots\" content=\"index, follow, max-snippet:-1, max-image-preview:large, max-video-preview:-1\" \/>\n<link rel=\"canonical\" href=\"https:\/\/jjfconsultores.com\/\" \/>\n<meta property=\"og:locale\" content=\"es_ES\" \/>\n<meta property=\"og:type\" content=\"article\" \/>\n<meta property=\"og:title\" content=\"JJF consultores y abogados - JJF consultores y abogados en C\u00f3rdoba y M\u00e1laga\" \/>\n<meta property=\"og:description\" content=\"20 a\u00f1os ayudando a pymes y gente como t\u00fa. Asesor\u00eda fiscal, laboral, contable y jur\u00eddica en C\u00f3rdoba y M\u00e1laga.\" \/>\n<meta property=\"og:url\" content=\"https:\/\/jjfconsultores.com\/\" \/>\n<meta property=\"og:site_name\" content=\"JJF consultores y abogados en C\u00f3rdoba y M\u00e1laga\" \/>\n<meta property=\"article:publisher\" content=\"https:\/\/www.facebook.com\/JJFconsultoresyabogados\" \/>\n<meta property=\"article:modified_time\" content=\"2024-01-20T19:17:33+00:00\" \/>\n<meta property=\"og:image\" content=\"https:\/\/jjfconsultores.com\/wp-content\/uploads\/2022\/02\/cropped-JJF-Consultores_WEB_009-1.jpg\" \/>\n\t<meta property=\"og:image:width\" content=\"2000\" \/>\n\t<meta property=\"og:image:height\" content=\"1198\" \/>\n\t<meta property=\"og:image:type\" content=\"image\/jpeg\" \/>\n<meta name=\"twitter:card\" content=\"summary_large_image\" \/>\n<meta name=\"twitter:image\" content=\"https:\/\/jjfconsultores.com\/wp-content\/uploads\/2022\/02\/cropped-JJF-Consultores_WEB_009-1.jpg\" \/>\n<meta name=\"twitter:site\" content=\"@jesusprieto\" \/>\n<meta name=\"twitter:label1\" content=\"Tiempo de lectura\" \/>\n\t<meta name=\"twitter:data1\" content=\"4 minutos\" \/>\n<script type=\"application\/ld+json\" class=\"yoast-schema-graph\">{\"@context\":\"https:\/\/schema.org\",\"@graph\":[{\"@type\":\"WebPage\",\"@id\":\"https:\/\/jjfconsultores.com\/\",\"url\":\"https:\/\/jjfconsultores.com\/\",\"name\":\"JJF consultores y abogados - JJF consultores y abogados en C\u00f3rdoba y M\u00e1laga\",\"isPartOf\":{\"@id\":\"https:\/\/jjfconsultores.com\/#website\"},\"primaryImageOfPage\":{\"@id\":\"https:\/\/jjfconsultores.com\/#primaryimage\"},\"image\":{\"@id\":\"https:\/\/jjfconsultores.com\/#primaryimage\"},\"thumbnailUrl\":\"https:\/\/jjfconsultores.com\/wp-content\/uploads\/2022\/02\/JJF-MARBELLA-1.png\",\"datePublished\":\"2018-10-24T08:45:39+00:00\",\"dateModified\":\"2024-01-20T19:17:33+00:00\",\"description\":\"20 a\u00f1os ayudando a pymes y gente como t\u00fa. Asesor\u00eda fiscal, laboral, contable y jur\u00eddica en C\u00f3rdoba y M\u00e1laga.\",\"breadcrumb\":{\"@id\":\"https:\/\/jjfconsultores.com\/#breadcrumb\"},\"inLanguage\":\"es\",\"potentialAction\":[{\"@type\":\"ReadAction\",\"target\":[\"https:\/\/jjfconsultores.com\/\"]}]},{\"@type\":\"ImageObject\",\"inLanguage\":\"es\",\"@id\":\"https:\/\/jjfconsultores.com\/#primaryimage\",\"url\":\"https:\/\/jjfconsultores.com\/wp-content\/uploads\/2022\/02\/JJF-MARBELLA-1.png\",\"contentUrl\":\"https:\/\/jjfconsultores.com\/wp-content\/uploads\/2022\/02\/JJF-MARBELLA-1.png\",\"width\":740,\"height\":100},{\"@type\":\"BreadcrumbList\",\"@id\":\"https:\/\/jjfconsultores.com\/#breadcrumb\",\"itemListElement\":[{\"@type\":\"ListItem\",\"position\":1,\"name\":\"Portada\",\"item\":\"https:\/\/jjfconsultores.com\/\"},{\"@type\":\"ListItem\",\"position\":2,\"name\":\"JJF consultores y abogados\"}]},{\"@type\":\"WebSite\",\"@id\":\"https:\/\/jjfconsultores.com\/#website\",\"url\":\"https:\/\/jjfconsultores.com\/\",\"name\":\"JJF consultores y abogados\",\"description\":\"Asesor\u00eda fiscal, laboral, contable y jur\u00eddica en C\u00f3rdoba y M\u00e1laga\",\"publisher\":{\"@id\":\"https:\/\/jjfconsultores.com\/#organization\"},\"potentialAction\":[{\"@type\":\"SearchAction\",\"target\":{\"@type\":\"EntryPoint\",\"urlTemplate\":\"https:\/\/jjfconsultores.com\/?s={search_term_string}\"},\"query-input\":{\"@type\":\"PropertyValueSpecification\",\"valueRequired\":true,\"valueName\":\"search_term_string\"}}],\"inLanguage\":\"es\"},{\"@type\":\"Organization\",\"@id\":\"https:\/\/jjfconsultores.com\/#organization\",\"name\":\"JJF consultores y abogados\",\"url\":\"https:\/\/jjfconsultores.com\/\",\"logo\":{\"@type\":\"ImageObject\",\"inLanguage\":\"es\",\"@id\":\"https:\/\/jjfconsultores.com\/#\/schema\/logo\/image\/\",\"url\":\"https:\/\/jjfconsultores.com\/wp-content\/uploads\/2020\/01\/jjf-consultores-abogados-1.png\",\"contentUrl\":\"https:\/\/jjfconsultores.com\/wp-content\/uploads\/2020\/01\/jjf-consultores-abogados-1.png\",\"width\":500,\"height\":500,\"caption\":\"JJF consultores y abogados\"},\"image\":{\"@id\":\"https:\/\/jjfconsultores.com\/#\/schema\/logo\/image\/\"},\"sameAs\":[\"https:\/\/www.facebook.com\/JJFconsultoresyabogados\",\"https:\/\/x.com\/jesusprieto\",\"https:\/\/www.instagram.com\/JJF_consultores_abogados\/\",\"https:\/\/www.linkedin.com\/company\/jjf-soluciones-de-empresa\"]}]}<\/script>\n<!-- \/ Yoast SEO plugin. -->","yoast_head_json":{"title":"JJF consultores y abogados - JJF consultores y abogados en C\u00f3rdoba y M\u00e1laga","description":"20 a\u00f1os ayudando a pymes y gente como t\u00fa. Asesor\u00eda fiscal, laboral, contable y jur\u00eddica en C\u00f3rdoba y M\u00e1laga.","robots":{"index":"index","follow":"follow","max-snippet":"max-snippet:-1","max-image-preview":"max-image-preview:large","max-video-preview":"max-video-preview:-1"},"canonical":"https:\/\/jjfconsultores.com\/","og_locale":"es_ES","og_type":"article","og_title":"JJF consultores y abogados - JJF consultores y abogados en C\u00f3rdoba y M\u00e1laga","og_description":"20 a\u00f1os ayudando a pymes y gente como t\u00fa. Asesor\u00eda fiscal, laboral, contable y jur\u00eddica en C\u00f3rdoba y M\u00e1laga.","og_url":"https:\/\/jjfconsultores.com\/","og_site_name":"JJF consultores y abogados en C\u00f3rdoba y M\u00e1laga","article_publisher":"https:\/\/www.facebook.com\/JJFconsultoresyabogados","article_modified_time":"2024-01-20T19:17:33+00:00","og_image":[{"width":2000,"height":1198,"url":"https:\/\/jjfconsultores.com\/wp-content\/uploads\/2022\/02\/cropped-JJF-Consultores_WEB_009-1.jpg","type":"image\/jpeg"}],"twitter_card":"summary_large_image","twitter_image":"https:\/\/jjfconsultores.com\/wp-content\/uploads\/2022\/02\/cropped-JJF-Consultores_WEB_009-1.jpg","twitter_site":"@jesusprieto","twitter_misc":{"Tiempo de lectura":"4 minutos"},"schema":{"@context":"https:\/\/schema.org","@graph":[{"@type":"WebPage","@id":"https:\/\/jjfconsultores.com\/","url":"https:\/\/jjfconsultores.com\/","name":"JJF consultores y abogados - JJF consultores y abogados en C\u00f3rdoba y M\u00e1laga","isPartOf":{"@id":"https:\/\/jjfconsultores.com\/#website"},"primaryImageOfPage":{"@id":"https:\/\/jjfconsultores.com\/#primaryimage"},"image":{"@id":"https:\/\/jjfconsultores.com\/#primaryimage"},"thumbnailUrl":"https:\/\/jjfconsultores.com\/wp-content\/uploads\/2022\/02\/JJF-MARBELLA-1.png","datePublished":"2018-10-24T08:45:39+00:00","dateModified":"2024-01-20T19:17:33+00:00","description":"20 a\u00f1os ayudando a pymes y gente como t\u00fa. Asesor\u00eda fiscal, laboral, contable y jur\u00eddica en C\u00f3rdoba y M\u00e1laga.","breadcrumb":{"@id":"https:\/\/jjfconsultores.com\/#breadcrumb"},"inLanguage":"es","potentialAction":[{"@type":"ReadAction","target":["https:\/\/jjfconsultores.com\/"]}]},{"@type":"ImageObject","inLanguage":"es","@id":"https:\/\/jjfconsultores.com\/#primaryimage","url":"https:\/\/jjfconsultores.com\/wp-content\/uploads\/2022\/02\/JJF-MARBELLA-1.png","contentUrl":"https:\/\/jjfconsultores.com\/wp-content\/uploads\/2022\/02\/JJF-MARBELLA-1.png","width":740,"height":100},{"@type":"BreadcrumbList","@id":"https:\/\/jjfconsultores.com\/#breadcrumb","itemListElement":[{"@type":"ListItem","position":1,"name":"Portada","item":"https:\/\/jjfconsultores.com\/"},{"@type":"ListItem","position":2,"name":"JJF consultores y abogados"}]},{"@type":"WebSite","@id":"https:\/\/jjfconsultores.com\/#website","url":"https:\/\/jjfconsultores.com\/","name":"JJF consultores y abogados","description":"Asesor\u00eda fiscal, laboral, contable y jur\u00eddica en C\u00f3rdoba y M\u00e1laga","publisher":{"@id":"https:\/\/jjfconsultores.com\/#organization"},"potentialAction":[{"@type":"SearchAction","target":{"@type":"EntryPoint","urlTemplate":"https:\/\/jjfconsultores.com\/?s={search_term_string}"},"query-input":{"@type":"PropertyValueSpecification","valueRequired":true,"valueName":"search_term_string"}}],"inLanguage":"es"},{"@type":"Organization","@id":"https:\/\/jjfconsultores.com\/#organization","name":"JJF consultores y abogados","url":"https:\/\/jjfconsultores.com\/","logo":{"@type":"ImageObject","inLanguage":"es","@id":"https:\/\/jjfconsultores.com\/#\/schema\/logo\/image\/","url":"https:\/\/jjfconsultores.com\/wp-content\/uploads\/2020\/01\/jjf-consultores-abogados-1.png","contentUrl":"https:\/\/jjfconsultores.com\/wp-content\/uploads\/2020\/01\/jjf-consultores-abogados-1.png","width":500,"height":500,"caption":"JJF consultores y abogados"},"image":{"@id":"https:\/\/jjfconsultores.com\/#\/schema\/logo\/image\/"},"sameAs":["https:\/\/www.facebook.com\/JJFconsultoresyabogados","https:\/\/x.com\/jesusprieto","https:\/\/www.instagram.com\/JJF_consultores_abogados\/","https:\/\/www.linkedin.com\/company\/jjf-soluciones-de-empresa"]}]}},"_links":{"self":[{"href":"https:\/\/jjfconsultores.com\/index.php\/wp-json\/wp\/v2\/pages\/8","targetHints":{"allow":["GET"]}}],"collection":[{"href":"https:\/\/jjfconsultores.com\/index.php\/wp-json\/wp\/v2\/pages"}],"about":[{"href":"https:\/\/jjfconsultores.com\/index.php\/wp-json\/wp\/v2\/types\/page"}],"author":[{"embeddable":true,"href":"https:\/\/jjfconsultores.com\/index.php\/wp-json\/wp\/v2\/users\/1"}],"replies":[{"embeddable":true,"href":"https:\/\/jjfconsultores.com\/index.php\/wp-json\/wp\/v2\/comments?post=8"}],"version-history":[{"count":107,"href":"https:\/\/jjfconsultores.com\/index.php\/wp-json\/wp\/v2\/pages\/8\/revisions"}],"predecessor-version":[{"id":1052,"href":"https:\/\/jjfconsultores.com\/index.php\/wp-json\/wp\/v2\/pages\/8\/revisions\/1052"}],"wp:attachment":[{"href":"https:\/\/jjfconsultores.com\/index.php\/wp-json\/wp\/v2\/media?parent=8"}],"curies":[{"name":"wp","href":"https:\/\/api.w.org\/{rel}","templated":true}]}}